{"id":6,"date":"2021-02-24T23:24:53","date_gmt":"2021-02-24T22:24:53","guid":{"rendered":"http:\/\/fondationjeunesse.spv-vd.ch\/?page_id=6"},"modified":"2023-10-21T22:56:51","modified_gmt":"2023-10-21T20:56:51","slug":"a-propos-de","status":"publish","type":"page","link":"https:\/\/fondationjeunesse.spv-vd.ch\/index.php\/a-propos-de\/","title":{"rendered":"Qui sommes nous ?"},"content":{"rendered":"\n<div class=\"wp-block-media-text alignwide is-stacked-on-mobile is-vertically-aligned-center\"><figure class=\"wp-block-media-text__media\"><img loading=\"lazy\" decoding=\"async\" width=\"266\" height=\"198\" src=\"https:\/\/fondationjeunesse.spv-vd.ch\/wp-content\/uploads\/2023\/04\/stacks_image_36.jpg\" alt=\"\" class=\"wp-image-346 size-full\" srcset=\"https:\/\/fondationjeunesse.spv-vd.ch\/wp-content\/uploads\/2023\/04\/stacks_image_36.jpg 266w, https:\/\/fondationjeunesse.spv-vd.ch\/wp-content\/uploads\/2023\/04\/stacks_image_36-156x116.jpg 156w\" sizes=\"auto, (max-width: 266px) 100vw, 266px\" \/><\/figure><div class=\"wp-block-media-text__content\">\n<p class=\"has-text-align-right\"><strong><em>La vente du Mimosa, une action de la Fondation Jeunesse de la Soci\u00e9t\u00e9 p\u00e9dagogique vaudoise !<\/em><\/strong><\/p>\n\n\n\n<p><\/p>\n<\/div><\/div>\n\n\n\n<p>G\u00e9r\u00e9e par un Conseil de fondation de 5 membres, l\u2019aide est exclusivement destin\u00e9e \u00e0 des enfants ou adolescents issus de familles aux revenus modestes, confront\u00e9es \u00e0 des difficult\u00e9s sociales et financi\u00e8res et domicili\u00e9es dans le canton de Vaud. Les prestations financi\u00e8res repr\u00e9sentent des aides sociales individuelles vers\u00e9es \u00e0 titre de don. Les sommes \u00e0 disposition \u00e9tant limit\u00e9es, les attributions sont \u00e9tablies selon des normes et des crit\u00e8res bien pr\u00e9cis.<\/p>\n\n\n\n<p>Historiquement, le Fonds Mimosa de la Fondation Jeunesse de la Soci\u00e9t\u00e9 p\u00e9dagogique vaudoise \u00e9tait aliment\u00e9 par le produit de la traditionnelle vente du mimosa par des \u00e9l\u00e8ves de l&rsquo;\u00e9cole vaudoise. L&rsquo;arr\u00eat du Tribunal f\u00e9d\u00e9ral sur la gratuit\u00e9 des camps et sorties, la pand\u00e9mie et la limitation des ventes admises dans les \u00e9coles ont conduit la Fondation \u00e0 renoncer, pour l&rsquo;instant, \u00e0 la vente.<\/p>\n\n\n\n<p>Comment nous soutenir ?<\/p>\n\n\n\n<figure class=\"wp-block-pullquote\"><blockquote><p><\/p><\/blockquote><\/figure>\n\n\n\n<h2 class=\"wp-block-heading\"><\/h2>\n","protected":false},"excerpt":{"rendered":"<p>La vente du Mimosa, une action de la Fondation Jeunesse de la Soci\u00e9t\u00e9 p\u00e9dagogique vaudoise ! G\u00e9r\u00e9e par un Conseil de fondation de 5 membres, l\u2019aide est exclusivement destin\u00e9e \u00e0 des enfants ou adolescents issus de familles aux revenus modestes, confront\u00e9es \u00e0 des difficult\u00e9s sociales et financi\u00e8res et domicili\u00e9es dans le canton de Vaud. Les &hellip; <\/p>\n<p class=\"link-more\"><a href=\"https:\/\/fondationjeunesse.spv-vd.ch\/index.php\/a-propos-de\/\" class=\"more-link\">Continuer la lecture<span class=\"screen-reader-text\"> de &laquo;&nbsp;Qui sommes nous ?&nbsp;&raquo;<\/span><\/a><\/p>\n","protected":false},"author":1,"featured_media":0,"parent":0,"menu_order":0,"comment_status":"closed","ping_status":"closed","template":"","meta":{"footnotes":""},"class_list":["post-6","page","type-page","status-publish","hentry"],"_links":{"self":[{"href":"https:\/\/fondationjeunesse.spv-vd.ch\/index.php\/wp-json\/wp\/v2\/pages\/6","targetHints":{"allow":["GET"]}}],"collection":[{"href":"https:\/\/fondationjeunesse.spv-vd.ch\/index.php\/wp-json\/wp\/v2\/pages"}],"about":[{"href":"https:\/\/fondationjeunesse.spv-vd.ch\/index.php\/wp-json\/wp\/v2\/types\/page"}],"author":[{"embeddable":true,"href":"https:\/\/fondationjeunesse.spv-vd.ch\/index.php\/wp-json\/wp\/v2\/users\/1"}],"replies":[{"embeddable":true,"href":"https:\/\/fondationjeunesse.spv-vd.ch\/index.php\/wp-json\/wp\/v2\/comments?post=6"}],"version-history":[{"count":6,"href":"https:\/\/fondationjeunesse.spv-vd.ch\/index.php\/wp-json\/wp\/v2\/pages\/6\/revisions"}],"predecessor-version":[{"id":357,"href":"https:\/\/fondationjeunesse.spv-vd.ch\/index.php\/wp-json\/wp\/v2\/pages\/6\/revisions\/357"}],"wp:attachment":[{"href":"https:\/\/fondationjeunesse.spv-vd.ch\/index.php\/wp-json\/wp\/v2\/media?parent=6"}],"curies":[{"name":"wp","href":"https:\/\/api.w.org\/{rel}","templated":true}]}}